{"id":1966,"date":"2024-11-07T17:03:23","date_gmt":"2024-11-07T16:03:23","guid":{"rendered":"https:\/\/brodatspaquita.com\/?page_id=1966"},"modified":"2025-01-14T10:33:07","modified_gmt":"2025-01-14T09:33:07","slug":"politica-de-privacidad","status":"publish","type":"page","link":"https:\/\/brodatspaquita.com\/es\/politica-de-privacidad\/","title":{"rendered":"Pol\u00edtica de privacidad"},"content":{"rendered":"<h1 style=\"text-align: center;\">Pol\u00edtica de privacidad<\/h1>\n<p><strong>Bienvenido a <a href=\"https:\/\/www.brodatspaquita.com\/\">brodatspaquita.com<\/a><\/strong><\/p>\n<p>Le rogamos que lea detenidamente la presente informaci\u00f3n referente a la pol\u00edtica de privacidad antes de utilizar nuestros servicios.<\/p>\n<div>\n<p><strong><u>POL\u00cdTICA DE PRIVACIDAD <\/u><\/strong>En cumplimiento del Cap\u00edtulo II de la ley 34\/2002, LSSICE, le informamos que la presente p\u00e1gina web es propiedad de BRODATS PAQUITA, en adelante tambi\u00e9n el Proveedor, con domicilio en C\/ LA PLANA N\u00ba 25, NIF 40829418W, y tel\u00e9fono de contacto: 973450765, y correo electr\u00f3nico: info@brodatspaquita.com.<\/p>\n<p>&nbsp;<\/p>\n<p>BRODATS PAQUITA., como responsable del presente Sitio Web y de conformidad con lo dispuesto en la normativa vigente en materia de protecci\u00f3n de datos personales, el Reglamento (UE) 2016\/679 de 27 de abril de 2016 (RGPD) relativo a la protecci\u00f3n de las personas f\u00edsicas en lo que respecta al tratamiento de datos personales y a la libre circulaci\u00f3n de estos datos, la Ley Org\u00e1nica 15\/1999, de 13 de diciembre, de Protecci\u00f3n de Datos de Car\u00e1cter Personal (LOPD) y por la Ley 34\/2002, de 11 de julio, de Servicios de la Sociedad de la Informaci\u00f3n y del Comercio Electr\u00f3nico (LSSICE), ha implementado todas las medidas de seguridad, de \u00edndole t\u00e9cnica y organizativa, establecidas en el Real Decreto 1720\/2007 de 21 de Diciembre, (que desarrolla la LOPD) para garantizar y proteger la confidencialidad, integridad y disponibilidad de los datos introducidos.<\/p>\n<p>Con efectos de lo previsto en la LOPD, BRODATS PAQUITA. le informa que los datos que voluntariamente nos est\u00e1 facilitando ser\u00e1n incorporados a nuestros sistemas de informaci\u00f3n con la finalidad de realizar las gestiones comerciales y administrativas necesarias con los usuarios de la web; Las operaciones previstas para realizar los tratamientos son las siguientes: responder a las consultas y\/o proporcionar informaciones requeridas por el Usuario; realizar las prestaciones de servicios y\/o productos contratados o suscritos por el Usuario; realizar todas aquellas actividades propias de BRODATS PAQUITA. por el presente aviso legal rese\u00f1adas y remitir el bolet\u00edn de noticias de la p\u00e1gina web.<\/p>\n<p>El firmante garantiza la veracidad de los datos aportados y se compromete a comunicar cualquier cambio que se produzca en los mismos.<\/p>\n<p>El Proveedor, mediante asterisco (*) en las casillas correspondientes del formulario de contacto, le informa de esta obligatoriedad al Usuario, indicando qu\u00e9 datos son necesarios. Mediante la indicaci\u00f3n e introducci\u00f3n de los datos, el Usuario otorga el consentimiento inequ\u00edvoco a BRODATS PAQUITA. para que proceda al tratamiento de los datos facilitados en pro de las finalidades mencionadas.<\/p>\n<p>El no facilitar los datos personales solicitados o el no aceptar la presente pol\u00edtica de protecci\u00f3n de datos supone la imposibilidad de suscribirse, registrarse o recibir informaci\u00f3n de los productos y servicios del proveedor.<\/p>\n<p>De conformidad con lo que disponen las normativas vigentes en protecci\u00f3n de datos personales, el proveedor est\u00e1 cumpliendo con todas las disposiciones de las normativas RGPD y LOPD para el tratamiento de los datos personales de su responsabilidad, y manifiestamente con los principios descritos en el art. 5 del RGPD y en el art. 4 de la LOPD, por los cuales son tratados de manera l\u00edcita, leal y transparente en relaci\u00f3n con el interesado y adecuadas, pertinentes y limitadas a lo que es necesario en relaci\u00f3n con los fines para los cuales son tratados.<\/p>\n<p>El Responsable garantiza que ha implementado pol\u00edticas t\u00e9cnicas y organizativas apropiadas para aplicar las medidas de seguridad que establecen el RGPD y la LOPD para proteger los derechos y libertades de los Usuarios.<\/p>\n<p>De acuerdo con estas normativas, pues, le informamos que tiene derecho a solicitar el acceso, rectificaci\u00f3n, portabilidad y supresi\u00f3n de sus datos y la limitaci\u00f3n y oposici\u00f3n a su tratamiento dirigi\u00e9ndose a C\/ LA PLANA, N\u00ba 25, enviando un correo electr\u00f3nico a info@brodatspaquita.com, indicando como Asunto: \u201cLOPD, Derechos ARCO\u201d, y adjuntando fotocopia de su DNI o cualquier medio an\u00e1logo en derecho, tal y como indica la ley. Tiene derecho a retirar el consentimiento prestado en cualquier momento. La retirada del consentimiento no afectar\u00e1 a la licitud del tratamiento efectuado antes de la retirada del consentimiento. Tambi\u00e9n tiene derecho a presentar una reclamaci\u00f3n ante la autoridad de control si considera que pueden haberse visto vulnerados sus derechos en relaci\u00f3n a la protecci\u00f3n de sus datos (agpd.es).<\/p>\n<p><strong>CONFIDENCIALIDAD y CESI\u00d3N DE DATOS A TERCEROS<\/strong><\/p>\n<p>Los datos que nos facilite se tratar\u00e1n de forma confidencial. El proveedor ha adoptado todas las medidas t\u00e9cnicas y organizativas y todos los niveles de protecci\u00f3n necesarios para garantizar la seguridad en el tratamiento de los datos y evitar su alteraci\u00f3n, p\u00e9rdida, robo, tratamiento o acceso no autorizado, atendiendo al estado de la tecnolog\u00eda y naturaleza de los datos almacenados. Asimismo se garantiza tambi\u00e9n que el tratamiento y registro en archivos, programas, sistemas o equipos, locales y centros cumplen con los requisitos y condiciones de integridad y seguridad establecidas en la normativa vigente.<\/p>\n<p><strong>BRODATS PAQUITA.<\/strong> no ceder\u00e1 los datos personales a terceros, excepto por obligaci\u00f3n legal. No obstante, en caso de ser cedidos a alg\u00fan tercero se producir\u00eda una informaci\u00f3n previa solicitando el consentimiento expreso para tal cesi\u00f3n. La entidad responsable de la base de datos, as\u00ed como los que intervengan en cualquier fase del tratamiento y\/o las entidades a las que se les haya comunicado -en todo caso siempre con la correspondiente autorizaci\u00f3n otorgada por el usuario-, est\u00e1n obligadas a observar el secreto profesional y a la adopci\u00f3n de los niveles de protecci\u00f3n y las medidas t\u00e9cnicas y organizativas necesarias a su alcance para garantizar la seguridad de los datos de car\u00e1cter personal, evitando, en la medida de lo posible, accesos no autorizados, modificaciones il\u00edcitas, sustracciones y\/o la p\u00e9rdida de los datos, a fin de procurar el correspondiente nivel de seguridad de los archivos del proveedor, seg\u00fan la naturaleza y sensibilidad de los datos facilitados por los usuarios del presente Sitio Web.<\/p>\n<p><strong>ACEPTACI\u00d3N Y CONSENTIMIENTO<\/strong><\/p>\n<p>El Usuario declara haber sido informado de las condiciones sobre protecci\u00f3n de datos de car\u00e1cter personal, aceptando y consintiendo el tratamiento automatizado de los mismos por parte de BRODATS PAQUITA. en la forma y para los fines indicados en la presente Pol\u00edtica de Protecci\u00f3n de Datos Personales.<\/p>\n<p>Por tanto, al utilizar este formulario para contactar con BRODATS PAQUITA, est\u00e1 autorizando expresamente la utilizaci\u00f3n de sus datos para el env\u00edo de comunicaciones comerciales, por cualquier medio (incluyendo correo electr\u00f3nico), pudiendo anular esta autorizaci\u00f3n cuando lo desee, dirigi\u00e9ndose a BRODATS PAQUITA. a trav\u00e9s de los medios establecidos.<\/p>\n<p>A trav\u00e9s de esta Pol\u00edtica de Privacidad le informamos que las fotograf\u00edas que est\u00e9n publicadas en la web son propiedad de BRODATS PAQUITA, incluyendo las de los menores, en las que, para la obtenci\u00f3n de estas, se ha obtenido el consentimiento previo de los padres, tutores o representantes legales mediante la firma de los formularios realizados a tal efecto por los centros en los que los menores forman parte. No obstante, los padres, tutores o representantes de los menores, como titulares del ejercicio de los derechos de estos, y siempre previo requerimiento formal por escrito, pueden indicar la negativa al uso de la imagen del menor; en este caso, la imagen se mostrar\u00e1 pixelada.<\/p>\n<p><strong>EXACTITUD Y VERACIDAD DE LOS DATOS<\/strong><\/p>\n<p>El usuario es el \u00fanico responsable de la veracidad y correcci\u00f3n de los datos que remita a BRODATS PAQUITA, exonerando al Proveedor de cualquier responsabilidad al respecto. Los usuarios garantizan y responden, en cualquier caso, de la exactitud, vigencia y autenticidad de los datos personales facilitados, y se comprometen a mantenerlos debidamente actualizados. El usuario acepta proporcionar informaci\u00f3n completa y correcta en el formulario de registro o suscripci\u00f3n.<\/p>\n<p><strong>CONTENIDO DE LA WEB Y ENLACES (LINKS)<\/strong><\/p>\n<p>BRODATS PAQUITA. se reserva el derecho a actualizar, modificar o eliminar la informaci\u00f3n contenida en la web, pudiendo, incluso, limitar o no permitir el acceso a la informaci\u00f3n.<\/p>\n<p>BRODATS PAQUITA. no asume ning\u00fan tipo de responsabilidad por la informaci\u00f3n contenida en las Webs de terceros a las que se pueda acceder por los \u201clinks\u201d o enlaces desde cualquier p\u00e1gina Web propiedad del proveedor.<\/p>\n<p>La presencia de \u201clinks\u201d o enlaces solo tiene finalidad informativa y en ning\u00fan caso supone ninguna sugerencia, invitaci\u00f3n o reconocimiento sobre los mismos.<\/p>\n<p><strong>ENV\u00cdO CV<\/strong><\/p>\n<p>En el caso de que el usuario env\u00ede su CV a trav\u00e9s de nuestra web, le informamos que los datos aportados ser\u00e1n tratados para hacerlo part\u00edcipe de los procesos de selecci\u00f3n que pueda haber, llevando a cabo un an\u00e1lisis del perfil del solicitante con el objetivo de seleccionar al mejor candidato para el puesto.<\/p>\n<p><strong>PLAZO DE CONSERVACI\u00d3N DE LOS DATOS<\/strong><\/p>\n<p>Los datos personales proporcionados se conservar\u00e1n mientras el usuario no solicite su supresi\u00f3n o durante el plazo necesario para cumplir con las obligaciones legales correspondientes.<\/p>\n<p><strong>CAMBIOS EN LA POL\u00cdTICA DE PRIVACIDAD<\/strong><\/p>\n<p>BRODATS PAQUITA. se reserva el derecho a modificar la presente Pol\u00edtica de Privacidad en cualquier momento, por lo que le recomendamos su revisi\u00f3n peri\u00f3dica. El uso continuado de este sitio web despu\u00e9s de cualquier cambio implica la aceptaci\u00f3n de los mismos.<\/p>\n<p>&nbsp;<\/p>\n<\/div>\n","protected":false},"excerpt":{"rendered":"<p>Pol\u00edtica de privacidad Bienvenido a brodatspaquita.com Le rogamos que lea [&hellip;]<\/p>\n","protected":false},"author":1,"featured_media":0,"parent":0,"menu_order":0,"comment_status":"closed","ping_status":"open","template":"","meta":{"_acf_changed":false,"footnotes":""},"class_list":["post-1966","page","type-page","status-publish","hentry"],"acf":[],"yoast_head":"<!-- This site is optimized with the Yoast SEO plugin v24.2 - https:\/\/yoast.com\/wordpress\/plugins\/seo\/ -->\n<title>Pol\u00edtica de privacidad - Brodats Paquita<\/title>\n<meta name=\"robots\" content=\"index, follow, max-snippet:-1, max-image-preview:large, max-video-preview:-1\" \/>\n<link rel=\"canonical\" href=\"https:\/\/brodatspaquita.com\/es\/politica-de-privacidad\/\" \/>\n<meta property=\"og:locale\" content=\"es_ES\" \/>\n<meta property=\"og:type\" content=\"article\" \/>\n<meta property=\"og:title\" content=\"Pol\u00edtica de privacidad - Brodats Paquita\" \/>\n<meta property=\"og:description\" content=\"Pol\u00edtica de privacidad Bienvenido a brodatspaquita.com Le rogamos que lea [&hellip;]\" \/>\n<meta property=\"og:url\" content=\"https:\/\/brodatspaquita.com\/es\/politica-de-privacidad\/\" \/>\n<meta property=\"og:site_name\" content=\"Brodats Paquita\" \/>\n<meta property=\"article:modified_time\" content=\"2025-01-14T09:33:07+00:00\" \/>\n<meta name=\"twitter:card\" content=\"summary_large_image\" \/>\n<script type=\"application\/ld+json\" class=\"yoast-schema-graph\">{\"@context\":\"https:\/\/schema.org\",\"@graph\":[{\"@type\":\"WebPage\",\"@id\":\"https:\/\/brodatspaquita.com\/es\/politica-de-privacidad\/\",\"url\":\"https:\/\/brodatspaquita.com\/es\/politica-de-privacidad\/\",\"name\":\"Pol\u00edtica de privacidad - Brodats Paquita\",\"isPartOf\":{\"@id\":\"https:\/\/brodatspaquita.com\/es\/#website\"},\"datePublished\":\"2024-11-07T16:03:23+00:00\",\"dateModified\":\"2025-01-14T09:33:07+00:00\",\"breadcrumb\":{\"@id\":\"https:\/\/brodatspaquita.com\/es\/politica-de-privacidad\/#breadcrumb\"},\"inLanguage\":\"es\",\"potentialAction\":[{\"@type\":\"ReadAction\",\"target\":[\"https:\/\/brodatspaquita.com\/es\/politica-de-privacidad\/\"]}]},{\"@type\":\"BreadcrumbList\",\"@id\":\"https:\/\/brodatspaquita.com\/es\/politica-de-privacidad\/#breadcrumb\",\"itemListElement\":[{\"@type\":\"ListItem\",\"position\":1,\"name\":\"Portada\",\"item\":\"https:\/\/brodatspaquita.com\/es\/\"},{\"@type\":\"ListItem\",\"position\":2,\"name\":\"Pol\u00edtica de privacidad\"}]},{\"@type\":\"WebSite\",\"@id\":\"https:\/\/brodatspaquita.com\/es\/#website\",\"url\":\"https:\/\/brodatspaquita.com\/es\/\",\"name\":\"Brodats Paquita\",\"description\":\"Brodant experi\u00e8ncies\",\"potentialAction\":[{\"@type\":\"SearchAction\",\"target\":{\"@type\":\"EntryPoint\",\"urlTemplate\":\"https:\/\/brodatspaquita.com\/es\/?s={search_term_string}\"},\"query-input\":{\"@type\":\"PropertyValueSpecification\",\"valueRequired\":true,\"valueName\":\"search_term_string\"}}],\"inLanguage\":\"es\"}]}<\/script>\n<!-- \/ Yoast SEO plugin. -->","yoast_head_json":{"title":"Pol\u00edtica de privacidad - Brodats Paquita","robots":{"index":"index","follow":"follow","max-snippet":"max-snippet:-1","max-image-preview":"max-image-preview:large","max-video-preview":"max-video-preview:-1"},"canonical":"https:\/\/brodatspaquita.com\/es\/politica-de-privacidad\/","og_locale":"es_ES","og_type":"article","og_title":"Pol\u00edtica de privacidad - Brodats Paquita","og_description":"Pol\u00edtica de privacidad Bienvenido a brodatspaquita.com Le rogamos que lea [&hellip;]","og_url":"https:\/\/brodatspaquita.com\/es\/politica-de-privacidad\/","og_site_name":"Brodats Paquita","article_modified_time":"2025-01-14T09:33:07+00:00","twitter_card":"summary_large_image","schema":{"@context":"https:\/\/schema.org","@graph":[{"@type":"WebPage","@id":"https:\/\/brodatspaquita.com\/es\/politica-de-privacidad\/","url":"https:\/\/brodatspaquita.com\/es\/politica-de-privacidad\/","name":"Pol\u00edtica de privacidad - Brodats Paquita","isPartOf":{"@id":"https:\/\/brodatspaquita.com\/es\/#website"},"datePublished":"2024-11-07T16:03:23+00:00","dateModified":"2025-01-14T09:33:07+00:00","breadcrumb":{"@id":"https:\/\/brodatspaquita.com\/es\/politica-de-privacidad\/#breadcrumb"},"inLanguage":"es","potentialAction":[{"@type":"ReadAction","target":["https:\/\/brodatspaquita.com\/es\/politica-de-privacidad\/"]}]},{"@type":"BreadcrumbList","@id":"https:\/\/brodatspaquita.com\/es\/politica-de-privacidad\/#breadcrumb","itemListElement":[{"@type":"ListItem","position":1,"name":"Portada","item":"https:\/\/brodatspaquita.com\/es\/"},{"@type":"ListItem","position":2,"name":"Pol\u00edtica de privacidad"}]},{"@type":"WebSite","@id":"https:\/\/brodatspaquita.com\/es\/#website","url":"https:\/\/brodatspaquita.com\/es\/","name":"Brodats Paquita","description":"Brodant experi\u00e8ncies","potentialAction":[{"@type":"SearchAction","target":{"@type":"EntryPoint","urlTemplate":"https:\/\/brodatspaquita.com\/es\/?s={search_term_string}"},"query-input":{"@type":"PropertyValueSpecification","valueRequired":true,"valueName":"search_term_string"}}],"inLanguage":"es"}]}},"_links":{"self":[{"href":"https:\/\/brodatspaquita.com\/es\/wp-json\/wp\/v2\/pages\/1966","targetHints":{"allow":["GET"]}}],"collection":[{"href":"https:\/\/brodatspaquita.com\/es\/wp-json\/wp\/v2\/pages"}],"about":[{"href":"https:\/\/brodatspaquita.com\/es\/wp-json\/wp\/v2\/types\/page"}],"author":[{"embeddable":true,"href":"https:\/\/brodatspaquita.com\/es\/wp-json\/wp\/v2\/users\/1"}],"replies":[{"embeddable":true,"href":"https:\/\/brodatspaquita.com\/es\/wp-json\/wp\/v2\/comments?post=1966"}],"version-history":[{"count":1,"href":"https:\/\/brodatspaquita.com\/es\/wp-json\/wp\/v2\/pages\/1966\/revisions"}],"predecessor-version":[{"id":1967,"href":"https:\/\/brodatspaquita.com\/es\/wp-json\/wp\/v2\/pages\/1966\/revisions\/1967"}],"wp:attachment":[{"href":"https:\/\/brodatspaquita.com\/es\/wp-json\/wp\/v2\/media?parent=1966"}],"curies":[{"name":"wp","href":"https:\/\/api.w.org\/{rel}","templated":true}]}}