{"id":1937,"date":"2023-05-18T14:58:17","date_gmt":"2023-05-18T12:58:17","guid":{"rendered":"https:\/\/brodatspaquita.com\/escaparates\/"},"modified":"2025-07-22T13:07:28","modified_gmt":"2025-07-22T11:07:28","slug":"escaparates","status":"publish","type":"page","link":"https:\/\/brodatspaquita.com\/es\/escaparates\/","title":{"rendered":"Escaparates"},"content":{"rendered":"<div class=\"fusion-fullwidth fullwidth-box fusion-builder-row-1 fusion-flex-container has-pattern-background has-mask-background nonhundred-percent-fullwidth non-hundred-percent-height-scrolling\" style=\"--awb-border-radius-top-left:0px;--awb-border-radius-top-right:0px;--awb-border-radius-bottom-right:0px;--awb-border-radius-bottom-left:0px;--awb-padding-top:100px;--awb-padding-bottom:50px;--awb-background-color:var(--awb-color1);--awb-flex-wrap:wrap;\" ><div class=\"fusion-builder-row fusion-row fusion-flex-align-items-flex-start fusion-flex-content-wrap\" style=\"max-width:1248px;margin-left: calc(-4% \/ 2 );margin-right: calc(-4% \/ 2 );\"><div class=\"fusion-layout-column fusion_builder_column fusion-builder-column-0 fusion_builder_column_1_1 1_1 fusion-flex-column\" style=\"--awb-bg-size:cover;--awb-width-large:100%;--awb-margin-top-large:0px;--awb-spacing-right-large:1.92%;--awb-margin-bottom-large:0px;--awb-spacing-left-large:1.92%;--awb-width-medium:100%;--awb-order-medium:0;--awb-spacing-right-medium:1.92%;--awb-spacing-left-medium:1.92%;--awb-width-small:100%;--awb-order-small:0;--awb-spacing-right-small:1.92%;--awb-spacing-left-small:1.92%;\"><div class=\"fusion-column-wrapper fusion-column-has-shadow fusion-flex-justify-content-flex-start fusion-content-layout-column\"><div class=\"fusion-title title fusion-title-1 fusion-sep-none fusion-title-center fusion-title-text fusion-title-size-two\" style=\"--awb-text-color:var(--awb-color8);--awb-margin-top:0px;--awb-margin-bottom:20px;\"><h2 class=\"fusion-title-heading title-heading-center\" style=\"margin:0;text-transform:none;\">Los <em><strong style=\"color: var(--awb-color6);\">escaparates<\/strong><\/em> &#8211; <em><strong style=\"color: var(--awb-color5);\">Tradici\u00f3n y Creatividad<\/strong><\/em><\/h2><\/div><div class=\"fusion-text fusion-text-1 fusion-text-no-margin\" style=\"--awb-content-alignment:center;--awb-text-color:var(--awb-color8);--awb-margin-bottom:30px;\"><p>En Brodats Paquita, nuestros escaparates son una expresi\u00f3n de nuestras <strong>tradiciones y celebraciones.<\/strong> Cada temporada, adaptamos nuestros espacios para reflejar <strong>fiestas y eventos<\/strong> especiales como la Fiesta Mayor o el Libro de San Antonio, combinando la belleza del bordado con el esp\u00edritu festivo. Cada detalle est\u00e1 dise\u00f1ado para ofrecer una <strong>nueva experiencia<\/strong> a la que nos visita.<\/p>\n<\/div><div class=\"awb-gallery-wrapper awb-gallery-wrapper-1 button-span-no\" style=\"--more-btn-alignment:center;\"><div style=\"margin:-5px;--awb-bordersize:0px;\" class=\"fusion-gallery fusion-gallery-container fusion-grid-3 fusion-columns-total-8 fusion-gallery-layout-grid fusion-gallery-1\"><div style=\"padding:5px;\" class=\"fusion-grid-column fusion-gallery-column fusion-gallery-column-3 hover-type-none\"><div class=\"fusion-gallery-image\"><a href=\"https:\/\/brodatspaquita.com\/wp-content\/uploads\/2025\/07\/WhatsApp-Image-2025-07-22-at-11.25.49.jpeg\" rel=\"noreferrer\" data-rel=\"iLightbox[gallery_image_1]\" class=\"fusion-lightbox\" target=\"_self\"><img decoding=\"async\" src=\"https:\/\/brodatspaquita.com\/wp-content\/uploads\/2025\/07\/WhatsApp-Image-2025-07-22-at-11.25.49.jpeg\" data-orig-src=\"https:\/\/brodatspaquita.com\/wp-content\/uploads\/2025\/07\/WhatsApp-Image-2025-07-22-at-11.25.49.jpeg\" width=\"2048\" height=\"1440\" alt=\"\" title=\"WhatsApp Image 2025-07-22 at 11.25.49\" aria-label=\"WhatsApp Image 2025-07-22 at 11.25.49\" class=\"lazyload img-responsive wp-image-2934\" srcset=\"data:image\/svg+xml,%3Csvg%20xmlns%3D%27http%3A%2F%2Fwww.w3.org%2F2000%2Fsvg%27%20width%3D%272048%27%20height%3D%271440%27%20viewBox%3D%270%200%202048%201440%27%3E%3Crect%20width%3D%272048%27%20height%3D%271440%27%20fill-opacity%3D%220%22%2F%3E%3C%2Fsvg%3E\" data-srcset=\"https:\/\/brodatspaquita.com\/wp-content\/uploads\/2025\/07\/WhatsApp-Image-2025-07-22-at-11.25.49-200x141.jpeg 200w, https:\/\/brodatspaquita.com\/wp-content\/uploads\/2025\/07\/WhatsApp-Image-2025-07-22-at-11.25.49-400x281.jpeg 400w, https:\/\/brodatspaquita.com\/wp-content\/uploads\/2025\/07\/WhatsApp-Image-2025-07-22-at-11.25.49-600x422.jpeg 600w, https:\/\/brodatspaquita.com\/wp-content\/uploads\/2025\/07\/WhatsApp-Image-2025-07-22-at-11.25.49-800x563.jpeg 800w, https:\/\/brodatspaquita.com\/wp-content\/uploads\/2025\/07\/WhatsApp-Image-2025-07-22-at-11.25.49-1200x844.jpeg 1200w, https:\/\/brodatspaquita.com\/wp-content\/uploads\/2025\/07\/WhatsApp-Image-2025-07-22-at-11.25.49.jpeg 2048w\" data-sizes=\"auto\" data-orig-sizes=\"(min-width: 2200px) 100vw, (min-width: 784px) 397px, (min-width: 712px) 595px, (min-width: 640px) 712px, \" \/><\/a><\/div><\/div><div style=\"padding:5px;\" class=\"fusion-grid-column fusion-gallery-column fusion-gallery-column-3 hover-type-none\"><div class=\"fusion-gallery-image\"><a href=\"https:\/\/brodatspaquita.com\/wp-content\/uploads\/2025\/07\/WhatsApp-Image-2025-07-22-at-11.25.50.jpeg\" rel=\"noreferrer\" data-rel=\"iLightbox[gallery_image_1]\" class=\"fusion-lightbox\" target=\"_self\"><img decoding=\"async\" src=\"https:\/\/brodatspaquita.com\/wp-content\/uploads\/2025\/07\/WhatsApp-Image-2025-07-22-at-11.25.50.jpeg\" data-orig-src=\"https:\/\/brodatspaquita.com\/wp-content\/uploads\/2025\/07\/WhatsApp-Image-2025-07-22-at-11.25.50.jpeg\" width=\"1063\" height=\"1696\" alt=\"\" title=\"WhatsApp Image 2025-07-22 at 11.25.50\" aria-label=\"WhatsApp Image 2025-07-22 at 11.25.50\" class=\"lazyload img-responsive wp-image-2928\" srcset=\"data:image\/svg+xml,%3Csvg%20xmlns%3D%27http%3A%2F%2Fwww.w3.org%2F2000%2Fsvg%27%20width%3D%271063%27%20height%3D%271696%27%20viewBox%3D%270%200%201063%201696%27%3E%3Crect%20width%3D%271063%27%20height%3D%271696%27%20fill-opacity%3D%220%22%2F%3E%3C%2Fsvg%3E\" data-srcset=\"https:\/\/brodatspaquita.com\/wp-content\/uploads\/2025\/07\/WhatsApp-Image-2025-07-22-at-11.25.50-200x319.jpeg 200w, https:\/\/brodatspaquita.com\/wp-content\/uploads\/2025\/07\/WhatsApp-Image-2025-07-22-at-11.25.50-400x638.jpeg 400w, https:\/\/brodatspaquita.com\/wp-content\/uploads\/2025\/07\/WhatsApp-Image-2025-07-22-at-11.25.50-600x957.jpeg 600w, https:\/\/brodatspaquita.com\/wp-content\/uploads\/2025\/07\/WhatsApp-Image-2025-07-22-at-11.25.50-800x1276.jpeg 800w, https:\/\/brodatspaquita.com\/wp-content\/uploads\/2025\/07\/WhatsApp-Image-2025-07-22-at-11.25.50.jpeg 1063w\" data-sizes=\"auto\" data-orig-sizes=\"(min-width: 2200px) 100vw, (min-width: 784px) 397px, (min-width: 712px) 595px, (min-width: 640px) 712px, \" \/><\/a><\/div><\/div><div style=\"padding:5px;\" class=\"fusion-grid-column fusion-gallery-column fusion-gallery-column-3 hover-type-none\"><div class=\"fusion-gallery-image\"><a href=\"https:\/\/brodatspaquita.com\/wp-content\/uploads\/2025\/07\/20221207_193013-scaled.jpg\" rel=\"noreferrer\" data-rel=\"iLightbox[gallery_image_1]\" class=\"fusion-lightbox\" target=\"_self\"><img decoding=\"async\" src=\"https:\/\/brodatspaquita.com\/wp-content\/uploads\/2025\/07\/20221207_193013-scaled.jpg\" data-orig-src=\"https:\/\/brodatspaquita.com\/wp-content\/uploads\/2025\/07\/20221207_193013-scaled.jpg\" width=\"2560\" height=\"1920\" alt=\"\" title=\"20221207_193013\" aria-label=\"20221207_193013\" class=\"lazyload img-responsive wp-image-2506\" srcset=\"data:image\/svg+xml,%3Csvg%20xmlns%3D%27http%3A%2F%2Fwww.w3.org%2F2000%2Fsvg%27%20width%3D%272560%27%20height%3D%271920%27%20viewBox%3D%270%200%202560%201920%27%3E%3Crect%20width%3D%272560%27%20height%3D%271920%27%20fill-opacity%3D%220%22%2F%3E%3C%2Fsvg%3E\" data-srcset=\"https:\/\/brodatspaquita.com\/wp-content\/uploads\/2025\/07\/20221207_193013-200x150.jpg 200w, https:\/\/brodatspaquita.com\/wp-content\/uploads\/2025\/07\/20221207_193013-400x300.jpg 400w, https:\/\/brodatspaquita.com\/wp-content\/uploads\/2025\/07\/20221207_193013-600x450.jpg 600w, https:\/\/brodatspaquita.com\/wp-content\/uploads\/2025\/07\/20221207_193013-800x600.jpg 800w, https:\/\/brodatspaquita.com\/wp-content\/uploads\/2025\/07\/20221207_193013-1200x900.jpg 1200w, https:\/\/brodatspaquita.com\/wp-content\/uploads\/2025\/07\/20221207_193013-scaled.jpg 2560w\" data-sizes=\"auto\" data-orig-sizes=\"(min-width: 2200px) 100vw, (min-width: 784px) 397px, (min-width: 712px) 595px, (min-width: 640px) 712px, \" \/><\/a><\/div><\/div><div class=\"clearfix\"><\/div><div style=\"padding:5px;\" class=\"fusion-grid-column fusion-gallery-column fusion-gallery-column-3 hover-type-none\"><div class=\"fusion-gallery-image\"><a href=\"https:\/\/brodatspaquita.com\/wp-content\/uploads\/2025\/07\/WhatsApp-Image-2025-07-22-at-11.25.50-1.jpeg\" rel=\"noreferrer\" data-rel=\"iLightbox[gallery_image_1]\" class=\"fusion-lightbox\" target=\"_self\"><img decoding=\"async\" src=\"https:\/\/brodatspaquita.com\/wp-content\/uploads\/2025\/07\/WhatsApp-Image-2025-07-22-at-11.25.50-1.jpeg\" data-orig-src=\"https:\/\/brodatspaquita.com\/wp-content\/uploads\/2025\/07\/WhatsApp-Image-2025-07-22-at-11.25.50-1.jpeg\" width=\"1767\" height=\"1107\" alt=\"\" title=\"WhatsApp Image 2025-07-22 at 11.25.50 (1)\" aria-label=\"WhatsApp Image 2025-07-22 at 11.25.50 (1)\" class=\"lazyload img-responsive wp-image-2930\" srcset=\"data:image\/svg+xml,%3Csvg%20xmlns%3D%27http%3A%2F%2Fwww.w3.org%2F2000%2Fsvg%27%20width%3D%271767%27%20height%3D%271107%27%20viewBox%3D%270%200%201767%201107%27%3E%3Crect%20width%3D%271767%27%20height%3D%271107%27%20fill-opacity%3D%220%22%2F%3E%3C%2Fsvg%3E\" data-srcset=\"https:\/\/brodatspaquita.com\/wp-content\/uploads\/2025\/07\/WhatsApp-Image-2025-07-22-at-11.25.50-1-200x125.jpeg 200w, https:\/\/brodatspaquita.com\/wp-content\/uploads\/2025\/07\/WhatsApp-Image-2025-07-22-at-11.25.50-1-400x251.jpeg 400w, https:\/\/brodatspaquita.com\/wp-content\/uploads\/2025\/07\/WhatsApp-Image-2025-07-22-at-11.25.50-1-600x376.jpeg 600w, https:\/\/brodatspaquita.com\/wp-content\/uploads\/2025\/07\/WhatsApp-Image-2025-07-22-at-11.25.50-1-800x501.jpeg 800w, https:\/\/brodatspaquita.com\/wp-content\/uploads\/2025\/07\/WhatsApp-Image-2025-07-22-at-11.25.50-1-1200x752.jpeg 1200w, https:\/\/brodatspaquita.com\/wp-content\/uploads\/2025\/07\/WhatsApp-Image-2025-07-22-at-11.25.50-1.jpeg 1767w\" data-sizes=\"auto\" data-orig-sizes=\"(min-width: 2200px) 100vw, (min-width: 784px) 397px, (min-width: 712px) 595px, (min-width: 640px) 712px, \" \/><\/a><\/div><\/div><div style=\"padding:5px;\" class=\"fusion-grid-column fusion-gallery-column fusion-gallery-column-3 hover-type-none\"><div class=\"fusion-gallery-image\"><a href=\"https:\/\/brodatspaquita.com\/wp-content\/uploads\/2025\/07\/WhatsApp-Image-2025-07-22-at-11.25.50-2.jpeg\" rel=\"noreferrer\" data-rel=\"iLightbox[gallery_image_1]\" class=\"fusion-lightbox\" target=\"_self\"><img decoding=\"async\" src=\"https:\/\/brodatspaquita.com\/wp-content\/uploads\/2025\/07\/WhatsApp-Image-2025-07-22-at-11.25.50-2.jpeg\" data-orig-src=\"https:\/\/brodatspaquita.com\/wp-content\/uploads\/2025\/07\/WhatsApp-Image-2025-07-22-at-11.25.50-2.jpeg\" width=\"2000\" height=\"1500\" alt=\"\" title=\"WhatsApp Image 2025-07-22 at 11.25.50 (2)\" aria-label=\"WhatsApp Image 2025-07-22 at 11.25.50 (2)\" class=\"lazyload img-responsive wp-image-2932\" srcset=\"data:image\/svg+xml,%3Csvg%20xmlns%3D%27http%3A%2F%2Fwww.w3.org%2F2000%2Fsvg%27%20width%3D%272000%27%20height%3D%271500%27%20viewBox%3D%270%200%202000%201500%27%3E%3Crect%20width%3D%272000%27%20height%3D%271500%27%20fill-opacity%3D%220%22%2F%3E%3C%2Fsvg%3E\" data-srcset=\"https:\/\/brodatspaquita.com\/wp-content\/uploads\/2025\/07\/WhatsApp-Image-2025-07-22-at-11.25.50-2-200x150.jpeg 200w, https:\/\/brodatspaquita.com\/wp-content\/uploads\/2025\/07\/WhatsApp-Image-2025-07-22-at-11.25.50-2-400x300.jpeg 400w, https:\/\/brodatspaquita.com\/wp-content\/uploads\/2025\/07\/WhatsApp-Image-2025-07-22-at-11.25.50-2-600x450.jpeg 600w, https:\/\/brodatspaquita.com\/wp-content\/uploads\/2025\/07\/WhatsApp-Image-2025-07-22-at-11.25.50-2-800x600.jpeg 800w, https:\/\/brodatspaquita.com\/wp-content\/uploads\/2025\/07\/WhatsApp-Image-2025-07-22-at-11.25.50-2-1200x900.jpeg 1200w, https:\/\/brodatspaquita.com\/wp-content\/uploads\/2025\/07\/WhatsApp-Image-2025-07-22-at-11.25.50-2.jpeg 2000w\" data-sizes=\"auto\" data-orig-sizes=\"(min-width: 2200px) 100vw, (min-width: 784px) 397px, (min-width: 712px) 595px, (min-width: 640px) 712px, \" \/><\/a><\/div><\/div><div style=\"padding:5px;\" class=\"fusion-grid-column fusion-gallery-column fusion-gallery-column-3 hover-type-none\"><div class=\"fusion-gallery-image\"><a href=\"https:\/\/brodatspaquita.com\/wp-content\/uploads\/2025\/07\/20220223_120615-scaled.jpg\" rel=\"noreferrer\" data-rel=\"iLightbox[gallery_image_1]\" class=\"fusion-lightbox\" target=\"_self\"><img decoding=\"async\" src=\"https:\/\/brodatspaquita.com\/wp-content\/uploads\/2025\/07\/20220223_120615-scaled.jpg\" data-orig-src=\"https:\/\/brodatspaquita.com\/wp-content\/uploads\/2025\/07\/20220223_120615-scaled.jpg\" width=\"1920\" height=\"2560\" alt=\"\" title=\"20220223_120615\" aria-label=\"20220223_120615\" class=\"lazyload img-responsive wp-image-2514\" srcset=\"data:image\/svg+xml,%3Csvg%20xmlns%3D%27http%3A%2F%2Fwww.w3.org%2F2000%2Fsvg%27%20width%3D%271920%27%20height%3D%272560%27%20viewBox%3D%270%200%201920%202560%27%3E%3Crect%20width%3D%271920%27%20height%3D%272560%27%20fill-opacity%3D%220%22%2F%3E%3C%2Fsvg%3E\" data-srcset=\"https:\/\/brodatspaquita.com\/wp-content\/uploads\/2025\/07\/20220223_120615-200x267.jpg 200w, https:\/\/brodatspaquita.com\/wp-content\/uploads\/2025\/07\/20220223_120615-400x533.jpg 400w, https:\/\/brodatspaquita.com\/wp-content\/uploads\/2025\/07\/20220223_120615-600x800.jpg 600w, https:\/\/brodatspaquita.com\/wp-content\/uploads\/2025\/07\/20220223_120615-800x1067.jpg 800w, https:\/\/brodatspaquita.com\/wp-content\/uploads\/2025\/07\/20220223_120615-1200x1600.jpg 1200w, https:\/\/brodatspaquita.com\/wp-content\/uploads\/2025\/07\/20220223_120615-scaled.jpg 1920w\" data-sizes=\"auto\" data-orig-sizes=\"(min-width: 2200px) 100vw, (min-width: 784px) 397px, (min-width: 712px) 595px, (min-width: 640px) 712px, \" \/><\/a><\/div><\/div><div class=\"clearfix\"><\/div><div style=\"padding:5px;\" class=\"fusion-grid-column fusion-gallery-column fusion-gallery-column-3 hover-type-none\"><div class=\"fusion-gallery-image\"><a href=\"https:\/\/brodatspaquita.com\/wp-content\/uploads\/2025\/07\/20230228_185342-scaled.jpg\" rel=\"noreferrer\" data-rel=\"iLightbox[gallery_image_1]\" class=\"fusion-lightbox\" target=\"_self\"><img decoding=\"async\" src=\"https:\/\/brodatspaquita.com\/wp-content\/uploads\/2025\/07\/20230228_185342-scaled.jpg\" data-orig-src=\"https:\/\/brodatspaquita.com\/wp-content\/uploads\/2025\/07\/20230228_185342-scaled.jpg\" width=\"2560\" height=\"2560\" alt=\"\" title=\"20230228_185342\" aria-label=\"20230228_185342\" class=\"lazyload img-responsive wp-image-2510\" srcset=\"data:image\/svg+xml,%3Csvg%20xmlns%3D%27http%3A%2F%2Fwww.w3.org%2F2000%2Fsvg%27%20width%3D%272560%27%20height%3D%272560%27%20viewBox%3D%270%200%202560%202560%27%3E%3Crect%20width%3D%272560%27%20height%3D%272560%27%20fill-opacity%3D%220%22%2F%3E%3C%2Fsvg%3E\" data-srcset=\"https:\/\/brodatspaquita.com\/wp-content\/uploads\/2025\/07\/20230228_185342-200x200.jpg 200w, https:\/\/brodatspaquita.com\/wp-content\/uploads\/2025\/07\/20230228_185342-400x400.jpg 400w, https:\/\/brodatspaquita.com\/wp-content\/uploads\/2025\/07\/20230228_185342-600x600.jpg 600w, https:\/\/brodatspaquita.com\/wp-content\/uploads\/2025\/07\/20230228_185342-800x800.jpg 800w, https:\/\/brodatspaquita.com\/wp-content\/uploads\/2025\/07\/20230228_185342-1200x1200.jpg 1200w, https:\/\/brodatspaquita.com\/wp-content\/uploads\/2025\/07\/20230228_185342-scaled.jpg 2560w\" data-sizes=\"auto\" data-orig-sizes=\"(min-width: 2200px) 100vw, (min-width: 784px) 397px, (min-width: 712px) 595px, (min-width: 640px) 712px, \" \/><\/a><\/div><\/div><div style=\"padding:5px;\" class=\"fusion-grid-column fusion-gallery-column fusion-gallery-column-3 hover-type-none\"><div class=\"fusion-gallery-image\"><a href=\"https:\/\/brodatspaquita.com\/wp-content\/uploads\/2025\/07\/20231014_124048-scaled.jpg\" rel=\"noreferrer\" data-rel=\"iLightbox[gallery_image_1]\" class=\"fusion-lightbox\" target=\"_self\"><img decoding=\"async\" src=\"https:\/\/brodatspaquita.com\/wp-content\/uploads\/2025\/07\/20231014_124048-scaled.jpg\" data-orig-src=\"https:\/\/brodatspaquita.com\/wp-content\/uploads\/2025\/07\/20231014_124048-scaled.jpg\" width=\"2560\" height=\"2560\" alt=\"\" title=\"20231014_124048\" aria-label=\"20231014_124048\" class=\"lazyload img-responsive wp-image-2512\" srcset=\"data:image\/svg+xml,%3Csvg%20xmlns%3D%27http%3A%2F%2Fwww.w3.org%2F2000%2Fsvg%27%20width%3D%272560%27%20height%3D%272560%27%20viewBox%3D%270%200%202560%202560%27%3E%3Crect%20width%3D%272560%27%20height%3D%272560%27%20fill-opacity%3D%220%22%2F%3E%3C%2Fsvg%3E\" data-srcset=\"https:\/\/brodatspaquita.com\/wp-content\/uploads\/2025\/07\/20231014_124048-200x200.jpg 200w, https:\/\/brodatspaquita.com\/wp-content\/uploads\/2025\/07\/20231014_124048-400x400.jpg 400w, https:\/\/brodatspaquita.com\/wp-content\/uploads\/2025\/07\/20231014_124048-600x600.jpg 600w, https:\/\/brodatspaquita.com\/wp-content\/uploads\/2025\/07\/20231014_124048-800x800.jpg 800w, https:\/\/brodatspaquita.com\/wp-content\/uploads\/2025\/07\/20231014_124048-1200x1200.jpg 1200w, https:\/\/brodatspaquita.com\/wp-content\/uploads\/2025\/07\/20231014_124048-scaled.jpg 2560w\" data-sizes=\"auto\" data-orig-sizes=\"(min-width: 2200px) 100vw, (min-width: 784px) 397px, (min-width: 712px) 595px, (min-width: 640px) 712px, \" \/><\/a><\/div><\/div><\/div><\/div><\/div><\/div><\/div><\/div>\n","protected":false},"excerpt":{"rendered":"","protected":false},"author":1,"featured_media":0,"parent":0,"menu_order":0,"comment_status":"closed","ping_status":"closed","template":"100-width.php","meta":{"_acf_changed":false,"footnotes":""},"class_list":["post-1937","page","type-page","status-publish","hentry"],"acf":[],"yoast_head":"<!-- This site is optimized with the Yoast SEO plugin v24.2 - https:\/\/yoast.com\/wordpress\/plugins\/seo\/ -->\n<title>Escaparates - Brodats Paquita<\/title>\n<meta name=\"robots\" content=\"index, follow, max-snippet:-1, max-image-preview:large, max-video-preview:-1\" \/>\n<link rel=\"canonical\" href=\"https:\/\/brodatspaquita.com\/es\/escaparates\/\" \/>\n<meta property=\"og:locale\" content=\"es_ES\" \/>\n<meta property=\"og:type\" content=\"article\" \/>\n<meta property=\"og:title\" content=\"Escaparates - Brodats Paquita\" \/>\n<meta property=\"og:url\" content=\"https:\/\/brodatspaquita.com\/es\/escaparates\/\" \/>\n<meta property=\"og:site_name\" content=\"Brodats Paquita\" \/>\n<meta property=\"article:modified_time\" content=\"2025-07-22T11:07:28+00:00\" \/>\n<meta name=\"twitter:card\" content=\"summary_large_image\" \/>\n<meta name=\"twitter:label1\" content=\"Tiempo de lectura\" \/>\n\t<meta name=\"twitter:data1\" content=\"5 minutos\" \/>\n<script type=\"application\/ld+json\" class=\"yoast-schema-graph\">{\"@context\":\"https:\/\/schema.org\",\"@graph\":[{\"@type\":\"WebPage\",\"@id\":\"https:\/\/brodatspaquita.com\/es\/escaparates\/\",\"url\":\"https:\/\/brodatspaquita.com\/es\/escaparates\/\",\"name\":\"Escaparates - Brodats Paquita\",\"isPartOf\":{\"@id\":\"https:\/\/brodatspaquita.com\/es\/#website\"},\"datePublished\":\"2023-05-18T12:58:17+00:00\",\"dateModified\":\"2025-07-22T11:07:28+00:00\",\"breadcrumb\":{\"@id\":\"https:\/\/brodatspaquita.com\/es\/escaparates\/#breadcrumb\"},\"inLanguage\":\"es\",\"potentialAction\":[{\"@type\":\"ReadAction\",\"target\":[\"https:\/\/brodatspaquita.com\/es\/escaparates\/\"]}]},{\"@type\":\"BreadcrumbList\",\"@id\":\"https:\/\/brodatspaquita.com\/es\/escaparates\/#breadcrumb\",\"itemListElement\":[{\"@type\":\"ListItem\",\"position\":1,\"name\":\"Portada\",\"item\":\"https:\/\/brodatspaquita.com\/es\/\"},{\"@type\":\"ListItem\",\"position\":2,\"name\":\"Escaparates\"}]},{\"@type\":\"WebSite\",\"@id\":\"https:\/\/brodatspaquita.com\/es\/#website\",\"url\":\"https:\/\/brodatspaquita.com\/es\/\",\"name\":\"Brodats Paquita\",\"description\":\"Brodant experi\u00e8ncies\",\"potentialAction\":[{\"@type\":\"SearchAction\",\"target\":{\"@type\":\"EntryPoint\",\"urlTemplate\":\"https:\/\/brodatspaquita.com\/es\/?s={search_term_string}\"},\"query-input\":{\"@type\":\"PropertyValueSpecification\",\"valueRequired\":true,\"valueName\":\"search_term_string\"}}],\"inLanguage\":\"es\"}]}<\/script>\n<!-- \/ Yoast SEO plugin. -->","yoast_head_json":{"title":"Escaparates - Brodats Paquita","robots":{"index":"index","follow":"follow","max-snippet":"max-snippet:-1","max-image-preview":"max-image-preview:large","max-video-preview":"max-video-preview:-1"},"canonical":"https:\/\/brodatspaquita.com\/es\/escaparates\/","og_locale":"es_ES","og_type":"article","og_title":"Escaparates - Brodats Paquita","og_url":"https:\/\/brodatspaquita.com\/es\/escaparates\/","og_site_name":"Brodats Paquita","article_modified_time":"2025-07-22T11:07:28+00:00","twitter_card":"summary_large_image","twitter_misc":{"Tiempo de lectura":"5 minutos"},"schema":{"@context":"https:\/\/schema.org","@graph":[{"@type":"WebPage","@id":"https:\/\/brodatspaquita.com\/es\/escaparates\/","url":"https:\/\/brodatspaquita.com\/es\/escaparates\/","name":"Escaparates - Brodats Paquita","isPartOf":{"@id":"https:\/\/brodatspaquita.com\/es\/#website"},"datePublished":"2023-05-18T12:58:17+00:00","dateModified":"2025-07-22T11:07:28+00:00","breadcrumb":{"@id":"https:\/\/brodatspaquita.com\/es\/escaparates\/#breadcrumb"},"inLanguage":"es","potentialAction":[{"@type":"ReadAction","target":["https:\/\/brodatspaquita.com\/es\/escaparates\/"]}]},{"@type":"BreadcrumbList","@id":"https:\/\/brodatspaquita.com\/es\/escaparates\/#breadcrumb","itemListElement":[{"@type":"ListItem","position":1,"name":"Portada","item":"https:\/\/brodatspaquita.com\/es\/"},{"@type":"ListItem","position":2,"name":"Escaparates"}]},{"@type":"WebSite","@id":"https:\/\/brodatspaquita.com\/es\/#website","url":"https:\/\/brodatspaquita.com\/es\/","name":"Brodats Paquita","description":"Brodant experi\u00e8ncies","potentialAction":[{"@type":"SearchAction","target":{"@type":"EntryPoint","urlTemplate":"https:\/\/brodatspaquita.com\/es\/?s={search_term_string}"},"query-input":{"@type":"PropertyValueSpecification","valueRequired":true,"valueName":"search_term_string"}}],"inLanguage":"es"}]}},"_links":{"self":[{"href":"https:\/\/brodatspaquita.com\/es\/wp-json\/wp\/v2\/pages\/1937","targetHints":{"allow":["GET"]}}],"collection":[{"href":"https:\/\/brodatspaquita.com\/es\/wp-json\/wp\/v2\/pages"}],"about":[{"href":"https:\/\/brodatspaquita.com\/es\/wp-json\/wp\/v2\/types\/page"}],"author":[{"embeddable":true,"href":"https:\/\/brodatspaquita.com\/es\/wp-json\/wp\/v2\/users\/1"}],"replies":[{"embeddable":true,"href":"https:\/\/brodatspaquita.com\/es\/wp-json\/wp\/v2\/comments?post=1937"}],"version-history":[{"count":9,"href":"https:\/\/brodatspaquita.com\/es\/wp-json\/wp\/v2\/pages\/1937\/revisions"}],"predecessor-version":[{"id":2938,"href":"https:\/\/brodatspaquita.com\/es\/wp-json\/wp\/v2\/pages\/1937\/revisions\/2938"}],"wp:attachment":[{"href":"https:\/\/brodatspaquita.com\/es\/wp-json\/wp\/v2\/media?parent=1937"}],"curies":[{"name":"wp","href":"https:\/\/api.w.org\/{rel}","templated":true}]}}